{"id":5,"date":"2017-01-19T20:42:00","date_gmt":"2017-01-19T20:42:00","guid":{"rendered":"http:\/\/artefran.cl\/catalogo\/?page_id=5"},"modified":"2023-02-20T20:14:15","modified_gmt":"2023-02-20T20:14:15","slug":"artefran","status":"publish","type":"page","link":"https:\/\/artefran.cl\/catalogo\/artefran\/","title":{"rendered":"Soy ArteFran"},"content":{"rendered":"\t\t<div data-elementor-type=\"wp-page\" data-elementor-id=\"5\" class=\"elementor elementor-5\">\n\t\t\t\t\t\t\t\t\t<section class=\"elementor-section elementor-top-section elementor-element elementor-element-f3f8437 elementor-section-content-middle elementor-section-boxed elementor-section-height-default elementor-section-height-default wpr-particle-no wpr-jarallax-no wpr-parallax-no wpr-sticky-section-no\" data-id=\"f3f8437\" data-element_type=\"section\">\n\t\t\t\t\t\t<div class=\"elementor-container elementor-column-gap-default\">\n\t\t\t\t\t<div class=\"elementor-column elementor-col-50 elementor-top-column elementor-element elementor-element-cf4b551\" data-id=\"cf4b551\" data-element_type=\"column\">\n\t\t\t<div class=\"elementor-widget-wrap elementor-element-populated\">\n\t\t\t\t\t\t\t\t<div class=\"elementor-element elementor-element-1024be89 elementor-widget elementor-widget-text-editor\" data-id=\"1024be89\" data-element_type=\"widget\" data-widget_type=\"text-editor.default\">\n\t\t\t\t<div class=\"elementor-widget-container\">\n\t\t\t<style>\/*! elementor - v3.12.0 - 29-03-2023 *\/\n.elementor-widget-text-editor.elementor-drop-cap-view-stacked .elementor-drop-cap{background-color:#69727d;color:#fff}.elementor-widget-text-editor.elementor-drop-cap-view-framed .elementor-drop-cap{color:#69727d;border:3px solid;background-color:transparent}.elementor-widget-text-editor:not(.elementor-drop-cap-view-default) .elementor-drop-cap{margin-top:8px}.elementor-widget-text-editor:not(.elementor-drop-cap-view-default) .elementor-drop-cap-letter{width:1em;height:1em}.elementor-widget-text-editor .elementor-drop-cap{float:left;text-align:center;line-height:1;font-size:50px}.elementor-widget-text-editor .elementor-drop-cap-letter{display:inline-block}<\/style>\t\t\t\t<p>Mi historia como <strong>ArteFran<\/strong> comienza desde muy temprana edad, cuando ten\u00eda tan solo 6 a\u00f1os, a\u00fan no aprend\u00eda a escribir ni a leer, sin embargo, ya sab\u00eda tejer a crochet y palillo, gracias a mi querida y siempre recordada nonna Nelly.<\/p><p>Siempre me sent\u00ed conectada con el entorno natural, con las observaciones que \u00e9ste me otorgaba, sus colores, formas, texturas, aromas, pero desde una mirada art\u00edstica, sensible y ermita\u00f1a, que solo puedo entender como el actual mundo de <strong>Mar\u00eda Francisca Mendoza Cabal\u00e1.<br \/><\/strong><\/p><p>Mis padres y nonnos, fueron parte fundamental en este proceso, estimulando desde muy ni\u00f1a mis capacidades art\u00edsticas, motiv\u00e1ndome en la creaci\u00f3n y otorg\u00e1ndome las herramientas necesarias para\u00a0estudiar una profesi\u00f3n relacionada con el arte.<\/p><p>\u00a0<\/p>\t\t\t\t\t\t<\/div>\n\t\t\t\t<\/div>\n\t\t\t\t\t<\/div>\n\t\t<\/div>\n\t\t\t\t<div class=\"elementor-column elementor-col-50 elementor-top-column elementor-element elementor-element-cba81f1\" data-id=\"cba81f1\" data-element_type=\"column\">\n\t\t\t<div class=\"elementor-widget-wrap elementor-element-populated\">\n\t\t\t\t\t\t\t\t<div class=\"elementor-element elementor-element-85a7b74 elementor-widget elementor-widget-image\" data-id=\"85a7b74\" data-element_type=\"widget\" data-widget_type=\"image.default\">\n\t\t\t\t<div class=\"elementor-widget-container\">\n\t\t\t<style>\/*! elementor - v3.12.0 - 29-03-2023 *\/\n.elementor-widget-image{text-align:center}.elementor-widget-image a{display:inline-block}.elementor-widget-image a img[src$=\".svg\"]{width:48px}.elementor-widget-image img{vertical-align:middle;display:inline-block}<\/style>\t\t\t\t\t\t\t\t\t\t\t\t<img loading=\"lazy\" decoding=\"async\" width=\"688\" height=\"662\" src=\"https:\/\/artefran.cl\/catalogo\/wp-content\/uploads\/2023\/01\/fran.jpg\" class=\"attachment-large size-large wp-image-700\" alt=\"\" srcset=\"https:\/\/artefran.cl\/catalogo\/wp-content\/uploads\/2023\/01\/fran.jpg 688w, https:\/\/artefran.cl\/catalogo\/wp-content\/uploads\/2023\/01\/fran-300x289.jpg 300w, https:\/\/artefran.cl\/catalogo\/wp-content\/uploads\/2023\/01\/fran-600x577.jpg 600w\" sizes=\"auto, (max-width: 688px) 100vw, 688px\" \/>\t\t\t\t\t\t\t\t\t\t\t\t\t\t\t<\/div>\n\t\t\t\t<\/div>\n\t\t\t\t\t<\/div>\n\t\t<\/div>\n\t\t\t\t\t\t\t<\/div>\n\t\t<\/section>\n\t\t\t\t<section class=\"elementor-section elementor-top-section elementor-element elementor-element-16f5df2 elementor-section-boxed elementor-section-height-default elementor-section-height-default wpr-particle-no wpr-jarallax-no wpr-parallax-no wpr-sticky-section-no\" data-id=\"16f5df2\" data-element_type=\"section\">\n\t\t\t\t\t\t<div class=\"elementor-container elementor-column-gap-default\">\n\t\t\t\t\t<div class=\"elementor-column elementor-col-50 elementor-top-column elementor-element elementor-element-be9a404\" data-id=\"be9a404\" data-element_type=\"column\">\n\t\t\t<div class=\"elementor-widget-wrap elementor-element-populated\">\n\t\t\t\t\t\t\t\t<div class=\"elementor-element elementor-element-06df361 elementor-widget elementor-widget-image\" data-id=\"06df361\" data-element_type=\"widget\" data-widget_type=\"image.default\">\n\t\t\t\t<div class=\"elementor-widget-container\">\n\t\t\t\t\t\t\t\t\t\t\t\t\t\t\t<img loading=\"lazy\" decoding=\"async\" width=\"688\" height=\"862\" src=\"https:\/\/artefran.cl\/catalogo\/wp-content\/uploads\/2023\/01\/fran2.jpg\" class=\"attachment-large size-large wp-image-722\" alt=\"\" srcset=\"https:\/\/artefran.cl\/catalogo\/wp-content\/uploads\/2023\/01\/fran2.jpg 688w, https:\/\/artefran.cl\/catalogo\/wp-content\/uploads\/2023\/01\/fran2-239x300.jpg 239w, https:\/\/artefran.cl\/catalogo\/wp-content\/uploads\/2023\/01\/fran2-600x752.jpg 600w\" sizes=\"auto, (max-width: 688px) 100vw, 688px\" \/>\t\t\t\t\t\t\t\t\t\t\t\t\t\t\t<\/div>\n\t\t\t\t<\/div>\n\t\t\t\t\t<\/div>\n\t\t<\/div>\n\t\t\t\t<div class=\"elementor-column elementor-col-50 elementor-top-column elementor-element elementor-element-06e390a\" data-id=\"06e390a\" data-element_type=\"column\">\n\t\t\t<div class=\"elementor-widget-wrap elementor-element-populated\">\n\t\t\t\t\t\t\t\t<div class=\"elementor-element elementor-element-a079da0 elementor-widget elementor-widget-text-editor\" data-id=\"a079da0\" data-element_type=\"widget\" data-widget_type=\"text-editor.default\">\n\t\t\t\t<div class=\"elementor-widget-container\">\n\t\t\t\t\t\t\t<p>Desde siempre mis juguetes fueron los l\u00e1pices, pinturas, pinceles, block y los infaltables juguetes did\u00e1cticos de madera, que dise\u00f1aba y confeccionaba mi padre, el cual siempre tuvo empresas en el rubro ya mencionado&#8230; al mismo tiempo, ve\u00eda a mi nonna d\u00eda a d\u00eda tejer por las tardes mientras yo realizaba mis tareas escolares y mi nonno que me regalaba constantemente libros, enciclopedias e inolvidables viajes, promoviendo en m\u00ed el amor por la cultura.<\/p><p>Es as\u00ed que a los 17 a\u00f1os de edad sal\u00ed del colegio, teniendo plena convicci\u00f3n de que quer\u00eda ser una artista, estudiando Licenciatura en Artes, con menci\u00f3n en Escultura, en la Facultad de Artes de la Universidad Finis Terrae. Fueron tantos conocimientos y experiencias aprendidas, que naci\u00f3 en mi la\u00a0inquietud por ense\u00f1ar y compartir lo aprendido, llev\u00e1ndome a estudiar la Pedagog\u00eda en Artes Visuales,\u00a0en la Escuela de Educaci\u00f3n de la Universidad Andr\u00e9s Bello.<\/p><p>Mi camino art\u00edstico lo he ido construyendo con estudios, exposiciones, creaciones, experiencia docente y por sobretodo con cari\u00f1o y compromiso en lo que hago, porque para mi el arte lo es todo y poder compartirlo con ustedes por medio de mi experiencia como artista y profesora de artes, me llenan de orgullo y me ayudan a comprender que esta es mi verdadera vocaci\u00f3n y misi\u00f3n en el paso por esta tierra.<\/p>\t\t\t\t\t\t<\/div>\n\t\t\t\t<\/div>\n\t\t\t\t\t<\/div>\n\t\t<\/div>\n\t\t\t\t\t\t\t<\/div>\n\t\t<\/section>\n\t\t\t\t<section class=\"elementor-section elementor-top-section elementor-element elementor-element-44a13a26 elementor-section-boxed elementor-section-height-default elementor-section-height-default wpr-particle-no wpr-jarallax-no wpr-parallax-no wpr-sticky-section-no\" data-id=\"44a13a26\" data-element_type=\"section\">\n\t\t\t\t\t\t<div class=\"elementor-container elementor-column-gap-default\">\n\t\t\t\t\t<div class=\"elementor-column elementor-col-100 elementor-top-column elementor-element elementor-element-39bb7ec2\" data-id=\"39bb7ec2\" data-element_type=\"column\">\n\t\t\t<div class=\"elementor-widget-wrap elementor-element-populated\">\n\t\t\t\t\t\t\t\t<div class=\"elementor-element elementor-element-496e9c2 elementor-widget elementor-widget-spacer\" data-id=\"496e9c2\" data-element_type=\"widget\" data-widget_type=\"spacer.default\">\n\t\t\t\t<div class=\"elementor-widget-container\">\n\t\t\t<style>\/*! elementor - v3.12.0 - 29-03-2023 *\/\n.elementor-column .elementor-spacer-inner{height:var(--spacer-size)}.e-con{--container-widget-width:100%}.e-con-inner>.elementor-widget-spacer,.e-con>.elementor-widget-spacer{width:var(--container-widget-width,var(--spacer-size));--align-self:var(--container-widget-align-self,initial);--flex-shrink:0}.e-con-inner>.elementor-widget-spacer>.elementor-widget-container,.e-con-inner>.elementor-widget-spacer>.elementor-widget-container>.elementor-spacer,.e-con>.elementor-widget-spacer>.elementor-widget-container,.e-con>.elementor-widget-spacer>.elementor-widget-container>.elementor-spacer{height:100%}.e-con-inner>.elementor-widget-spacer>.elementor-widget-container>.elementor-spacer>.elementor-spacer-inner,.e-con>.elementor-widget-spacer>.elementor-widget-container>.elementor-spacer>.elementor-spacer-inner{height:var(--container-widget-height,var(--spacer-size))}<\/style>\t\t<div class=\"elementor-spacer\">\n\t\t\t<div class=\"elementor-spacer-inner\"><\/div>\n\t\t<\/div>\n\t\t\t\t<\/div>\n\t\t\t\t<\/div>\n\t\t\t\t\t<\/div>\n\t\t<\/div>\n\t\t\t\t\t\t\t<\/div>\n\t\t<\/section>\n\t\t\t\t\t\t\t<\/div>\n\t\t","protected":false},"excerpt":{"rendered":"<p>Mi historia como ArteFran comienza desde muy temprana edad, cuando ten\u00eda tan solo 6 a\u00f1os, a\u00fan no aprend\u00eda a escribir ni a leer, sin embargo, ya sab\u00eda tejer a crochet y palillo, gracias a mi querida y siempre recordada nonna Nelly. Siempre me sent\u00ed conectada con el entorno natural, con las observaciones que \u00e9ste me otorgaba, sus colores, formas, texturas, &hellip; <\/p>\n","protected":false},"author":1,"featured_media":0,"parent":0,"menu_order":0,"comment_status":"closed","ping_status":"closed","template":"elementor_header_footer","meta":{"footnotes":""},"class_list":["post-5","page","type-page","status-publish","hentry"],"_links":{"self":[{"href":"https:\/\/artefran.cl\/catalogo\/wp-json\/wp\/v2\/pages\/5","targetHints":{"allow":["GET"]}}],"collection":[{"href":"https:\/\/artefran.cl\/catalogo\/wp-json\/wp\/v2\/pages"}],"about":[{"href":"https:\/\/artefran.cl\/catalogo\/wp-json\/wp\/v2\/types\/page"}],"author":[{"embeddable":true,"href":"https:\/\/artefran.cl\/catalogo\/wp-json\/wp\/v2\/users\/1"}],"replies":[{"embeddable":true,"href":"https:\/\/artefran.cl\/catalogo\/wp-json\/wp\/v2\/comments?post=5"}],"version-history":[{"count":66,"href":"https:\/\/artefran.cl\/catalogo\/wp-json\/wp\/v2\/pages\/5\/revisions"}],"predecessor-version":[{"id":1274,"href":"https:\/\/artefran.cl\/catalogo\/wp-json\/wp\/v2\/pages\/5\/revisions\/1274"}],"wp:attachment":[{"href":"https:\/\/artefran.cl\/catalogo\/wp-json\/wp\/v2\/media?parent=5"}],"curies":[{"name":"wp","href":"https:\/\/api.w.org\/{rel}","templated":true}]}}